{"id":12530,"date":"2025-03-10T12:08:22","date_gmt":"2025-03-10T17:08:22","guid":{"rendered":"https:\/\/expatgroup.co\/es\/?page_id=12530"},"modified":"2025-10-26T20:48:21","modified_gmt":"2025-10-27T01:48:21","slug":"servicios","status":"publish","type":"page","link":"https:\/\/expatgroup.co\/es\/servicios\/","title":{"rendered":"Servicios"},"content":{"rendered":"<p><span style=\"font-weight: 400;\">Visa, Creaci\u00f3n de Empresa, Real Estate, Seguros de Salud y m\u00e1s.<\/span><\/p>\n","protected":false},"excerpt":{"rendered":"<p>Visa, Creaci\u00f3n de Empresa, Real Estate, Seguros de Salud y m\u00e1s.<\/p>\n","protected":false},"author":1,"featured_media":12555,"parent":0,"menu_order":11,"comment_status":"closed","ping_status":"closed","template":"","meta":{"_acf_changed":false,"inline_featured_image":false,"footnotes":""},"class_list":["post-12530","page","type-page","status-publish","has-post-thumbnail","hentry"],"acf":[],"yoast_head":"<!-- This site is optimized with the Yoast SEO Premium plugin v25.0 (Yoast SEO v27.3) - https:\/\/yoast.com\/product\/yoast-seo-premium-wordpress\/ -->\n<title>Soluciones Migratorias y Legales para Extranjeros en Colombia | expatgroup<\/title>\n<meta name=\"description\" content=\"Obt\u00e9n asesor\u00eda experta en visas, creaci\u00f3n de empresas, bienes ra\u00edces, seguro de salud y m\u00e1s. \u00a1Comienza tu viaje en Colombia con confianza!\" \/>\n<meta name=\"robots\" content=\"index, follow, max-snippet:-1, max-image-preview:large, max-video-preview:-1\" \/>\n<link rel=\"canonical\" href=\"https:\/\/expatgroup.co\/es\/servicios\/\" \/>\n<meta property=\"og:locale\" content=\"en_US\" \/>\n<meta property=\"og:type\" content=\"article\" \/>\n<meta property=\"og:title\" content=\"Servicios\" \/>\n<meta property=\"og:description\" content=\"Obt\u00e9n asesor\u00eda experta en visas, creaci\u00f3n de empresas, bienes ra\u00edces, seguro de salud y m\u00e1s. \u00a1Comienza tu viaje en Colombia con confianza!\" \/>\n<meta property=\"og:url\" content=\"https:\/\/expatgroup.co\/es\/servicios\/\" \/>\n<meta property=\"og:site_name\" content=\"expatgroup\" \/>\n<meta property=\"article:publisher\" content=\"https:\/\/www.facebook.com\/expatgroup.co\/\" \/>\n<meta property=\"article:modified_time\" content=\"2025-10-27T01:48:21+00:00\" \/>\n<meta property=\"og:image\" content=\"https:\/\/expatgroup.co\/es\/wp-content\/uploads\/2025\/03\/hero-all-services.webp\" \/>\n\t<meta property=\"og:image:width\" content=\"1920\" \/>\n\t<meta property=\"og:image:height\" content=\"1080\" \/>\n\t<meta property=\"og:image:type\" content=\"image\/webp\" \/>\n<meta name=\"twitter:card\" content=\"summary_large_image\" \/>\n<meta name=\"twitter:label1\" content=\"Est. reading time\" \/>\n\t<meta name=\"twitter:data1\" content=\"1 minute\" \/>\n<script type=\"application\/ld+json\" class=\"yoast-schema-graph\">{\"@context\":\"https:\\\/\\\/schema.org\",\"@graph\":[{\"@type\":\"WebPage\",\"@id\":\"https:\\\/\\\/expatgroup.co\\\/es\\\/servicios\\\/\",\"url\":\"https:\\\/\\\/expatgroup.co\\\/es\\\/servicios\\\/\",\"name\":\"Soluciones Migratorias y Legales para Extranjeros en Colombia | expatgroup\",\"isPartOf\":{\"@id\":\"https:\\\/\\\/expatgroup.co\\\/es\\\/#website\"},\"primaryImageOfPage\":{\"@id\":\"https:\\\/\\\/expatgroup.co\\\/es\\\/servicios\\\/#primaryimage\"},\"image\":{\"@id\":\"https:\\\/\\\/expatgroup.co\\\/es\\\/servicios\\\/#primaryimage\"},\"thumbnailUrl\":\"https:\\\/\\\/expatgroup.co\\\/es\\\/wp-content\\\/uploads\\\/2025\\\/03\\\/hero-all-services.webp\",\"datePublished\":\"2025-03-10T17:08:22+00:00\",\"dateModified\":\"2025-10-27T01:48:21+00:00\",\"description\":\"Obt\u00e9n asesor\u00eda experta en visas, creaci\u00f3n de empresas, bienes ra\u00edces, seguro de salud y m\u00e1s. \u00a1Comienza tu viaje en Colombia con confianza!\",\"breadcrumb\":{\"@id\":\"https:\\\/\\\/expatgroup.co\\\/es\\\/servicios\\\/#breadcrumb\"},\"inLanguage\":\"en-US\",\"potentialAction\":[{\"@type\":\"ReadAction\",\"target\":[\"https:\\\/\\\/expatgroup.co\\\/es\\\/servicios\\\/\"]}]},{\"@type\":\"ImageObject\",\"inLanguage\":\"en-US\",\"@id\":\"https:\\\/\\\/expatgroup.co\\\/es\\\/servicios\\\/#primaryimage\",\"url\":\"https:\\\/\\\/expatgroup.co\\\/es\\\/wp-content\\\/uploads\\\/2025\\\/03\\\/hero-all-services.webp\",\"contentUrl\":\"https:\\\/\\\/expatgroup.co\\\/es\\\/wp-content\\\/uploads\\\/2025\\\/03\\\/hero-all-services.webp\",\"width\":1920,\"height\":1080},{\"@type\":\"BreadcrumbList\",\"@id\":\"https:\\\/\\\/expatgroup.co\\\/es\\\/servicios\\\/#breadcrumb\",\"itemListElement\":[{\"@type\":\"ListItem\",\"position\":1,\"name\":\"Home\",\"item\":\"https:\\\/\\\/expatgroup.co\\\/es\\\/\"},{\"@type\":\"ListItem\",\"position\":2,\"name\":\"Servicios\"}]},{\"@type\":\"WebSite\",\"@id\":\"https:\\\/\\\/expatgroup.co\\\/es\\\/#website\",\"url\":\"https:\\\/\\\/expatgroup.co\\\/es\\\/\",\"name\":\"expatgroup.co\",\"description\":\"Tu camino al sue\u00f1o Colombiano\",\"publisher\":{\"@id\":\"https:\\\/\\\/expatgroup.co\\\/es\\\/#organization\"},\"potentialAction\":[{\"@type\":\"SearchAction\",\"target\":{\"@type\":\"EntryPoint\",\"urlTemplate\":\"https:\\\/\\\/expatgroup.co\\\/es\\\/?s={search_term_string}\"},\"query-input\":{\"@type\":\"PropertyValueSpecification\",\"valueRequired\":true,\"valueName\":\"search_term_string\"}}],\"inLanguage\":\"en-US\"},{\"@type\":\"Organization\",\"@id\":\"https:\\\/\\\/expatgroup.co\\\/es\\\/#organization\",\"name\":\"expatgroup.co\",\"url\":\"https:\\\/\\\/expatgroup.co\\\/es\\\/\",\"logo\":{\"@type\":\"ImageObject\",\"inLanguage\":\"en-US\",\"@id\":\"https:\\\/\\\/expatgroup.co\\\/es\\\/#\\\/schema\\\/logo\\\/image\\\/\",\"url\":\"https:\\\/\\\/expatgroup.co\\\/es\\\/wp-content\\\/uploads\\\/2024\\\/12\\\/Logo-EG_Fondo-azul-oscuro.png\",\"contentUrl\":\"https:\\\/\\\/expatgroup.co\\\/es\\\/wp-content\\\/uploads\\\/2024\\\/12\\\/Logo-EG_Fondo-azul-oscuro.png\",\"width\":951,\"height\":524,\"caption\":\"expatgroup.co\"},\"image\":{\"@id\":\"https:\\\/\\\/expatgroup.co\\\/es\\\/#\\\/schema\\\/logo\\\/image\\\/\"},\"sameAs\":[\"https:\\\/\\\/www.facebook.com\\\/expatgroup.co\\\/\",\"https:\\\/\\\/www.instagram.com\\\/expatgroupco\\\/\"],\"description\":\"We serve as a facilitative channel between international clients and Colombia. By offering a comprehensive portfolio of solutions in immigration, real estate, legal matters, and business, our objective is to assist clients in making informed decisions regarding their relocation, residency, and investment in Colombia. We aim to ensure that this process is both effective and straightforward.\",\"email\":\"sales@expatgroup.co\",\"telephone\":\"+19547993692\"}]}<\/script>\n<!-- \/ Yoast SEO Premium plugin. -->","yoast_head_json":{"title":"Soluciones Migratorias y Legales para Extranjeros en Colombia | expatgroup","description":"Obt\u00e9n asesor\u00eda experta en visas, creaci\u00f3n de empresas, bienes ra\u00edces, seguro de salud y m\u00e1s. \u00a1Comienza tu viaje en Colombia con confianza!","robots":{"index":"index","follow":"follow","max-snippet":"max-snippet:-1","max-image-preview":"max-image-preview:large","max-video-preview":"max-video-preview:-1"},"canonical":"https:\/\/expatgroup.co\/es\/servicios\/","og_locale":"en_US","og_type":"article","og_title":"Servicios","og_description":"Obt\u00e9n asesor\u00eda experta en visas, creaci\u00f3n de empresas, bienes ra\u00edces, seguro de salud y m\u00e1s. \u00a1Comienza tu viaje en Colombia con confianza!","og_url":"https:\/\/expatgroup.co\/es\/servicios\/","og_site_name":"expatgroup","article_publisher":"https:\/\/www.facebook.com\/expatgroup.co\/","article_modified_time":"2025-10-27T01:48:21+00:00","og_image":[{"width":1920,"height":1080,"url":"https:\/\/expatgroup.co\/es\/wp-content\/uploads\/2025\/03\/hero-all-services.webp","type":"image\/webp"}],"twitter_card":"summary_large_image","twitter_misc":{"Est. reading time":"1 minute"},"schema":{"@context":"https:\/\/schema.org","@graph":[{"@type":"WebPage","@id":"https:\/\/expatgroup.co\/es\/servicios\/","url":"https:\/\/expatgroup.co\/es\/servicios\/","name":"Soluciones Migratorias y Legales para Extranjeros en Colombia | expatgroup","isPartOf":{"@id":"https:\/\/expatgroup.co\/es\/#website"},"primaryImageOfPage":{"@id":"https:\/\/expatgroup.co\/es\/servicios\/#primaryimage"},"image":{"@id":"https:\/\/expatgroup.co\/es\/servicios\/#primaryimage"},"thumbnailUrl":"https:\/\/expatgroup.co\/es\/wp-content\/uploads\/2025\/03\/hero-all-services.webp","datePublished":"2025-03-10T17:08:22+00:00","dateModified":"2025-10-27T01:48:21+00:00","description":"Obt\u00e9n asesor\u00eda experta en visas, creaci\u00f3n de empresas, bienes ra\u00edces, seguro de salud y m\u00e1s. \u00a1Comienza tu viaje en Colombia con confianza!","breadcrumb":{"@id":"https:\/\/expatgroup.co\/es\/servicios\/#breadcrumb"},"inLanguage":"en-US","potentialAction":[{"@type":"ReadAction","target":["https:\/\/expatgroup.co\/es\/servicios\/"]}]},{"@type":"ImageObject","inLanguage":"en-US","@id":"https:\/\/expatgroup.co\/es\/servicios\/#primaryimage","url":"https:\/\/expatgroup.co\/es\/wp-content\/uploads\/2025\/03\/hero-all-services.webp","contentUrl":"https:\/\/expatgroup.co\/es\/wp-content\/uploads\/2025\/03\/hero-all-services.webp","width":1920,"height":1080},{"@type":"BreadcrumbList","@id":"https:\/\/expatgroup.co\/es\/servicios\/#breadcrumb","itemListElement":[{"@type":"ListItem","position":1,"name":"Home","item":"https:\/\/expatgroup.co\/es\/"},{"@type":"ListItem","position":2,"name":"Servicios"}]},{"@type":"WebSite","@id":"https:\/\/expatgroup.co\/es\/#website","url":"https:\/\/expatgroup.co\/es\/","name":"expatgroup.co","description":"Tu camino al sue\u00f1o Colombiano","publisher":{"@id":"https:\/\/expatgroup.co\/es\/#organization"},"potentialAction":[{"@type":"SearchAction","target":{"@type":"EntryPoint","urlTemplate":"https:\/\/expatgroup.co\/es\/?s={search_term_string}"},"query-input":{"@type":"PropertyValueSpecification","valueRequired":true,"valueName":"search_term_string"}}],"inLanguage":"en-US"},{"@type":"Organization","@id":"https:\/\/expatgroup.co\/es\/#organization","name":"expatgroup.co","url":"https:\/\/expatgroup.co\/es\/","logo":{"@type":"ImageObject","inLanguage":"en-US","@id":"https:\/\/expatgroup.co\/es\/#\/schema\/logo\/image\/","url":"https:\/\/expatgroup.co\/es\/wp-content\/uploads\/2024\/12\/Logo-EG_Fondo-azul-oscuro.png","contentUrl":"https:\/\/expatgroup.co\/es\/wp-content\/uploads\/2024\/12\/Logo-EG_Fondo-azul-oscuro.png","width":951,"height":524,"caption":"expatgroup.co"},"image":{"@id":"https:\/\/expatgroup.co\/es\/#\/schema\/logo\/image\/"},"sameAs":["https:\/\/www.facebook.com\/expatgroup.co\/","https:\/\/www.instagram.com\/expatgroupco\/"],"description":"We serve as a facilitative channel between international clients and Colombia. By offering a comprehensive portfolio of solutions in immigration, real estate, legal matters, and business, our objective is to assist clients in making informed decisions regarding their relocation, residency, and investment in Colombia. We aim to ensure that this process is both effective and straightforward.","email":"sales@expatgroup.co","telephone":"+19547993692"}]}},"_links":{"self":[{"href":"https:\/\/expatgroup.co\/es\/wp-json\/wp\/v2\/pages\/12530","targetHints":{"allow":["GET"]}}],"collection":[{"href":"https:\/\/expatgroup.co\/es\/wp-json\/wp\/v2\/pages"}],"about":[{"href":"https:\/\/expatgroup.co\/es\/wp-json\/wp\/v2\/types\/page"}],"author":[{"embeddable":true,"href":"https:\/\/expatgroup.co\/es\/wp-json\/wp\/v2\/users\/1"}],"replies":[{"embeddable":true,"href":"https:\/\/expatgroup.co\/es\/wp-json\/wp\/v2\/comments?post=12530"}],"version-history":[{"count":5,"href":"https:\/\/expatgroup.co\/es\/wp-json\/wp\/v2\/pages\/12530\/revisions"}],"predecessor-version":[{"id":16929,"href":"https:\/\/expatgroup.co\/es\/wp-json\/wp\/v2\/pages\/12530\/revisions\/16929"}],"wp:featuredmedia":[{"embeddable":true,"href":"https:\/\/expatgroup.co\/es\/wp-json\/wp\/v2\/media\/12555"}],"wp:attachment":[{"href":"https:\/\/expatgroup.co\/es\/wp-json\/wp\/v2\/media?parent=12530"}],"curies":[{"name":"wp","href":"https:\/\/api.w.org\/{rel}","templated":true}]}}