{"id":16635,"date":"2025-05-16T10:33:07","date_gmt":"2025-05-16T15:33:07","guid":{"rendered":"https:\/\/expatgroup.co\/es\/?page_id=16635"},"modified":"2025-10-26T21:02:32","modified_gmt":"2025-10-27T02:02:32","slug":"genera-tu-empresa-en-colombia","status":"publish","type":"page","link":"https:\/\/expatgroup.co\/es\/genera-tu-empresa-en-colombia\/","title":{"rendered":"Genera tu Empresa en Colombia"},"content":{"rendered":"<p class=\"p1\">Gracias por elegir <span class=\"s1\"><b>expatgroup.co<\/b><\/span> para acompa\u00f1arte en tu camino empresarial en Colombia. Est\u00e1s a un paso de constituir oficialmente tu empresa. Por favor, completa el formulario con toda la informaci\u00f3n requerida para iniciar el registro de tu compa\u00f1\u00eda.<\/p>\n","protected":false},"excerpt":{"rendered":"<p>Gracias por elegir expatgroup.co para acompa\u00f1arte en tu camino empresarial en Colombia. Est\u00e1s a un paso de constituir oficialmente tu empresa. Por favor, completa el formulario con toda la informaci\u00f3n requerida para iniciar el registro de tu compa\u00f1\u00eda.<\/p>\n","protected":false},"author":1,"featured_media":0,"parent":0,"menu_order":40,"comment_status":"closed","ping_status":"closed","template":"","meta":{"_acf_changed":false,"inline_featured_image":false,"footnotes":""},"class_list":["post-16635","page","type-page","status-publish","hentry"],"acf":[],"yoast_head":"<!-- This site is optimized with the Yoast SEO Premium plugin v25.0 (Yoast SEO v26.5) - https:\/\/yoast.com\/wordpress\/plugins\/seo\/ -->\n<title>Genera tu Empresa en Colombia | expatgroup<\/title>\n<meta name=\"description\" content=\"Necesitamos algunos datos clave para continuar con el registro de tu empresa. Por favor, completa el siguiente formulario con la informaci\u00f3n.\" \/>\n<meta name=\"robots\" content=\"index, follow, max-snippet:-1, max-image-preview:large, max-video-preview:-1\" \/>\n<link rel=\"canonical\" href=\"https:\/\/expatgroup.co\/es\/genera-tu-empresa-en-colombia\/\" \/>\n<meta property=\"og:locale\" content=\"en_US\" \/>\n<meta property=\"og:type\" content=\"article\" \/>\n<meta property=\"og:title\" content=\"Genera tu Empresa en Colombia\" \/>\n<meta property=\"og:description\" content=\"Necesitamos algunos datos clave para continuar con el registro de tu empresa. Por favor, completa el siguiente formulario con la informaci\u00f3n.\" \/>\n<meta property=\"og:url\" content=\"https:\/\/expatgroup.co\/es\/genera-tu-empresa-en-colombia\/\" \/>\n<meta property=\"og:site_name\" content=\"expatgroup\" \/>\n<meta property=\"article:publisher\" content=\"https:\/\/www.facebook.com\/expatgroup.co\/\" \/>\n<meta property=\"article:modified_time\" content=\"2025-10-27T02:02:32+00:00\" \/>\n<meta property=\"og:image\" content=\"https:\/\/expatgroup.co\/es\/wp-content\/uploads\/2025\/05\/2024-11-20.webp\" \/>\n\t<meta property=\"og:image:width\" content=\"996\" \/>\n\t<meta property=\"og:image:height\" content=\"712\" \/>\n\t<meta property=\"og:image:type\" content=\"image\/webp\" \/>\n<meta name=\"twitter:card\" content=\"summary_large_image\" \/>\n<meta name=\"twitter:label1\" content=\"Est. reading time\" \/>\n\t<meta name=\"twitter:data1\" content=\"2 minutes\" \/>\n<script type=\"application\/ld+json\" class=\"yoast-schema-graph\">{\"@context\":\"https:\/\/schema.org\",\"@graph\":[{\"@type\":\"WebPage\",\"@id\":\"https:\/\/expatgroup.co\/es\/genera-tu-empresa-en-colombia\/\",\"url\":\"https:\/\/expatgroup.co\/es\/genera-tu-empresa-en-colombia\/\",\"name\":\"Genera tu Empresa en Colombia | expatgroup\",\"isPartOf\":{\"@id\":\"https:\/\/expatgroup.co\/es\/#website\"},\"datePublished\":\"2025-05-16T15:33:07+00:00\",\"dateModified\":\"2025-10-27T02:02:32+00:00\",\"description\":\"Necesitamos algunos datos clave para continuar con el registro de tu empresa. Por favor, completa el siguiente formulario con la informaci\u00f3n.\",\"breadcrumb\":{\"@id\":\"https:\/\/expatgroup.co\/es\/genera-tu-empresa-en-colombia\/#breadcrumb\"},\"inLanguage\":\"en-US\",\"potentialAction\":[{\"@type\":\"ReadAction\",\"target\":[\"https:\/\/expatgroup.co\/es\/genera-tu-empresa-en-colombia\/\"]}]},{\"@type\":\"BreadcrumbList\",\"@id\":\"https:\/\/expatgroup.co\/es\/genera-tu-empresa-en-colombia\/#breadcrumb\",\"itemListElement\":[{\"@type\":\"ListItem\",\"position\":1,\"name\":\"Home\",\"item\":\"https:\/\/expatgroup.co\/es\/\"},{\"@type\":\"ListItem\",\"position\":2,\"name\":\"Genera tu Empresa en Colombia\"}]},{\"@type\":\"WebSite\",\"@id\":\"https:\/\/expatgroup.co\/es\/#website\",\"url\":\"https:\/\/expatgroup.co\/es\/\",\"name\":\"expatgroup.co\",\"description\":\"Tu camino al sue\u00f1o Colombiano\",\"publisher\":{\"@id\":\"https:\/\/expatgroup.co\/es\/#organization\"},\"potentialAction\":[{\"@type\":\"SearchAction\",\"target\":{\"@type\":\"EntryPoint\",\"urlTemplate\":\"https:\/\/expatgroup.co\/es\/?s={search_term_string}\"},\"query-input\":{\"@type\":\"PropertyValueSpecification\",\"valueRequired\":true,\"valueName\":\"search_term_string\"}}],\"inLanguage\":\"en-US\"},{\"@type\":\"Organization\",\"@id\":\"https:\/\/expatgroup.co\/es\/#organization\",\"name\":\"expatgroup.co\",\"url\":\"https:\/\/expatgroup.co\/es\/\",\"logo\":{\"@type\":\"ImageObject\",\"inLanguage\":\"en-US\",\"@id\":\"https:\/\/expatgroup.co\/es\/#\/schema\/logo\/image\/\",\"url\":\"https:\/\/expatgroup.co\/es\/wp-content\/uploads\/2024\/12\/Logo-EG_Fondo-azul-oscuro.png\",\"contentUrl\":\"https:\/\/expatgroup.co\/es\/wp-content\/uploads\/2024\/12\/Logo-EG_Fondo-azul-oscuro.png\",\"width\":951,\"height\":524,\"caption\":\"expatgroup.co\"},\"image\":{\"@id\":\"https:\/\/expatgroup.co\/es\/#\/schema\/logo\/image\/\"},\"sameAs\":[\"https:\/\/www.facebook.com\/expatgroup.co\/\",\"https:\/\/www.instagram.com\/expatgroupco\/\"],\"description\":\"We serve as a facilitative channel between international clients and Colombia. By offering a comprehensive portfolio of solutions in immigration, real estate, legal matters, and business, our objective is to assist clients in making informed decisions regarding their relocation, residency, and investment in Colombia. We aim to ensure that this process is both effective and straightforward.\",\"email\":\"sales@expatgroup.co\",\"telephone\":\"+19547993692\"}]}<\/script>\n<!-- \/ Yoast SEO Premium plugin. -->","yoast_head_json":{"title":"Genera tu Empresa en Colombia | expatgroup","description":"Necesitamos algunos datos clave para continuar con el registro de tu empresa. Por favor, completa el siguiente formulario con la informaci\u00f3n.","robots":{"index":"index","follow":"follow","max-snippet":"max-snippet:-1","max-image-preview":"max-image-preview:large","max-video-preview":"max-video-preview:-1"},"canonical":"https:\/\/expatgroup.co\/es\/genera-tu-empresa-en-colombia\/","og_locale":"en_US","og_type":"article","og_title":"Genera tu Empresa en Colombia","og_description":"Necesitamos algunos datos clave para continuar con el registro de tu empresa. Por favor, completa el siguiente formulario con la informaci\u00f3n.","og_url":"https:\/\/expatgroup.co\/es\/genera-tu-empresa-en-colombia\/","og_site_name":"expatgroup","article_publisher":"https:\/\/www.facebook.com\/expatgroup.co\/","article_modified_time":"2025-10-27T02:02:32+00:00","og_image":[{"width":996,"height":712,"url":"https:\/\/expatgroup.co\/es\/wp-content\/uploads\/2025\/05\/2024-11-20.webp","type":"image\/webp"}],"twitter_card":"summary_large_image","twitter_misc":{"Est. reading time":"2 minutes"},"schema":{"@context":"https:\/\/schema.org","@graph":[{"@type":"WebPage","@id":"https:\/\/expatgroup.co\/es\/genera-tu-empresa-en-colombia\/","url":"https:\/\/expatgroup.co\/es\/genera-tu-empresa-en-colombia\/","name":"Genera tu Empresa en Colombia | expatgroup","isPartOf":{"@id":"https:\/\/expatgroup.co\/es\/#website"},"datePublished":"2025-05-16T15:33:07+00:00","dateModified":"2025-10-27T02:02:32+00:00","description":"Necesitamos algunos datos clave para continuar con el registro de tu empresa. Por favor, completa el siguiente formulario con la informaci\u00f3n.","breadcrumb":{"@id":"https:\/\/expatgroup.co\/es\/genera-tu-empresa-en-colombia\/#breadcrumb"},"inLanguage":"en-US","potentialAction":[{"@type":"ReadAction","target":["https:\/\/expatgroup.co\/es\/genera-tu-empresa-en-colombia\/"]}]},{"@type":"BreadcrumbList","@id":"https:\/\/expatgroup.co\/es\/genera-tu-empresa-en-colombia\/#breadcrumb","itemListElement":[{"@type":"ListItem","position":1,"name":"Home","item":"https:\/\/expatgroup.co\/es\/"},{"@type":"ListItem","position":2,"name":"Genera tu Empresa en Colombia"}]},{"@type":"WebSite","@id":"https:\/\/expatgroup.co\/es\/#website","url":"https:\/\/expatgroup.co\/es\/","name":"expatgroup.co","description":"Tu camino al sue\u00f1o Colombiano","publisher":{"@id":"https:\/\/expatgroup.co\/es\/#organization"},"potentialAction":[{"@type":"SearchAction","target":{"@type":"EntryPoint","urlTemplate":"https:\/\/expatgroup.co\/es\/?s={search_term_string}"},"query-input":{"@type":"PropertyValueSpecification","valueRequired":true,"valueName":"search_term_string"}}],"inLanguage":"en-US"},{"@type":"Organization","@id":"https:\/\/expatgroup.co\/es\/#organization","name":"expatgroup.co","url":"https:\/\/expatgroup.co\/es\/","logo":{"@type":"ImageObject","inLanguage":"en-US","@id":"https:\/\/expatgroup.co\/es\/#\/schema\/logo\/image\/","url":"https:\/\/expatgroup.co\/es\/wp-content\/uploads\/2024\/12\/Logo-EG_Fondo-azul-oscuro.png","contentUrl":"https:\/\/expatgroup.co\/es\/wp-content\/uploads\/2024\/12\/Logo-EG_Fondo-azul-oscuro.png","width":951,"height":524,"caption":"expatgroup.co"},"image":{"@id":"https:\/\/expatgroup.co\/es\/#\/schema\/logo\/image\/"},"sameAs":["https:\/\/www.facebook.com\/expatgroup.co\/","https:\/\/www.instagram.com\/expatgroupco\/"],"description":"We serve as a facilitative channel between international clients and Colombia. By offering a comprehensive portfolio of solutions in immigration, real estate, legal matters, and business, our objective is to assist clients in making informed decisions regarding their relocation, residency, and investment in Colombia. We aim to ensure that this process is both effective and straightforward.","email":"sales@expatgroup.co","telephone":"+19547993692"}]}},"_links":{"self":[{"href":"https:\/\/expatgroup.co\/es\/wp-json\/wp\/v2\/pages\/16635","targetHints":{"allow":["GET"]}}],"collection":[{"href":"https:\/\/expatgroup.co\/es\/wp-json\/wp\/v2\/pages"}],"about":[{"href":"https:\/\/expatgroup.co\/es\/wp-json\/wp\/v2\/types\/page"}],"author":[{"embeddable":true,"href":"https:\/\/expatgroup.co\/es\/wp-json\/wp\/v2\/users\/1"}],"replies":[{"embeddable":true,"href":"https:\/\/expatgroup.co\/es\/wp-json\/wp\/v2\/comments?post=16635"}],"version-history":[{"count":6,"href":"https:\/\/expatgroup.co\/es\/wp-json\/wp\/v2\/pages\/16635\/revisions"}],"predecessor-version":[{"id":17139,"href":"https:\/\/expatgroup.co\/es\/wp-json\/wp\/v2\/pages\/16635\/revisions\/17139"}],"wp:attachment":[{"href":"https:\/\/expatgroup.co\/es\/wp-json\/wp\/v2\/media?parent=16635"}],"curies":[{"name":"wp","href":"https:\/\/api.w.org\/{rel}","templated":true}]}}