{"id":17999,"date":"2025-11-18T09:53:58","date_gmt":"2025-11-18T14:53:58","guid":{"rendered":"https:\/\/expatgroup.co\/es\/?page_id=17999"},"modified":"2025-11-27T16:53:12","modified_gmt":"2025-11-27T21:53:12","slug":"conviertete-en-aliado","status":"publish","type":"page","link":"https:\/\/expatgroup.co\/es\/conviertete-en-aliado\/","title":{"rendered":"Convi\u00e9rtete en Aliado"},"content":{"rendered":"<p>Nuestro programa de partners est\u00e1 dise\u00f1ado bajo un modelo de beneficio mutuo, fomentando relaciones s\u00f3lidas y confiables que impulsan el crecimiento conjunto. Esto es lo que obtienes al unirte a nuestra red:<\/p>\n","protected":false},"excerpt":{"rendered":"<p>Nuestro programa de partners est\u00e1 dise\u00f1ado bajo un modelo de beneficio mutuo, fomentando relaciones s\u00f3lidas y confiables que impulsan el crecimiento conjunto. Esto es lo que obtienes al unirte a nuestra red:<\/p>\n","protected":false},"author":1,"featured_media":18033,"parent":0,"menu_order":34,"comment_status":"closed","ping_status":"closed","template":"","meta":{"_acf_changed":false,"inline_featured_image":false,"footnotes":""},"class_list":["post-17999","page","type-page","status-publish","has-post-thumbnail","hentry"],"acf":[],"yoast_head":"<!-- This site is optimized with the Yoast SEO Premium plugin v25.0 (Yoast SEO v27.3) - https:\/\/yoast.com\/product\/yoast-seo-premium-wordpress\/ -->\n<title>Convi\u00e9rtete en Aliado: Ofrece Servicios Integrales para Extranjeros<\/title>\n<meta name=\"description\" content=\"\u00danete a nuestra red de aliados. Ofrece los mejores servicios, desde visas hasta p\u00f3lizas de salud, a la comunidad extranjera en Colombia.\" \/>\n<meta name=\"robots\" content=\"index, follow, max-snippet:-1, max-image-preview:large, max-video-preview:-1\" \/>\n<link rel=\"canonical\" href=\"https:\/\/expatgroup.co\/es\/conviertete-en-aliado\/\" \/>\n<meta property=\"og:locale\" content=\"en_US\" \/>\n<meta property=\"og:type\" content=\"article\" \/>\n<meta property=\"og:title\" content=\"Convi\u00e9rtete en Aliado\" \/>\n<meta property=\"og:description\" content=\"\u00danete a nuestra red de aliados. Ofrece los mejores servicios, desde visas hasta p\u00f3lizas de salud, a la comunidad extranjera en Colombia.\" \/>\n<meta property=\"og:url\" content=\"https:\/\/expatgroup.co\/es\/conviertete-en-aliado\/\" \/>\n<meta property=\"og:site_name\" content=\"expatgroup\" \/>\n<meta property=\"article:publisher\" content=\"https:\/\/www.facebook.com\/expatgroup.co\/\" \/>\n<meta property=\"article:modified_time\" content=\"2025-11-27T21:53:12+00:00\" \/>\n<meta property=\"og:image\" content=\"https:\/\/expatgroup.co\/es\/wp-content\/uploads\/2025\/11\/Aliados-1.webp\" \/>\n\t<meta property=\"og:image:width\" content=\"2224\" \/>\n\t<meta property=\"og:image:height\" content=\"1080\" \/>\n\t<meta property=\"og:image:type\" content=\"image\/webp\" \/>\n<meta name=\"twitter:card\" content=\"summary_large_image\" \/>\n<meta name=\"twitter:label1\" content=\"Est. reading time\" \/>\n\t<meta name=\"twitter:data1\" content=\"4 minutes\" \/>\n<script type=\"application\/ld+json\" class=\"yoast-schema-graph\">{\"@context\":\"https:\\\/\\\/schema.org\",\"@graph\":[{\"@type\":\"WebPage\",\"@id\":\"https:\\\/\\\/expatgroup.co\\\/es\\\/conviertete-en-aliado\\\/\",\"url\":\"https:\\\/\\\/expatgroup.co\\\/es\\\/conviertete-en-aliado\\\/\",\"name\":\"Convi\u00e9rtete en Aliado: Ofrece Servicios Integrales para Extranjeros\",\"isPartOf\":{\"@id\":\"https:\\\/\\\/expatgroup.co\\\/es\\\/#website\"},\"primaryImageOfPage\":{\"@id\":\"https:\\\/\\\/expatgroup.co\\\/es\\\/conviertete-en-aliado\\\/#primaryimage\"},\"image\":{\"@id\":\"https:\\\/\\\/expatgroup.co\\\/es\\\/conviertete-en-aliado\\\/#primaryimage\"},\"thumbnailUrl\":\"https:\\\/\\\/expatgroup.co\\\/es\\\/wp-content\\\/uploads\\\/2025\\\/11\\\/Aliados-1.webp\",\"datePublished\":\"2025-11-18T14:53:58+00:00\",\"dateModified\":\"2025-11-27T21:53:12+00:00\",\"description\":\"\u00danete a nuestra red de aliados. Ofrece los mejores servicios, desde visas hasta p\u00f3lizas de salud, a la comunidad extranjera en Colombia.\",\"breadcrumb\":{\"@id\":\"https:\\\/\\\/expatgroup.co\\\/es\\\/conviertete-en-aliado\\\/#breadcrumb\"},\"inLanguage\":\"en-US\",\"potentialAction\":[{\"@type\":\"ReadAction\",\"target\":[\"https:\\\/\\\/expatgroup.co\\\/es\\\/conviertete-en-aliado\\\/\"]}]},{\"@type\":\"ImageObject\",\"inLanguage\":\"en-US\",\"@id\":\"https:\\\/\\\/expatgroup.co\\\/es\\\/conviertete-en-aliado\\\/#primaryimage\",\"url\":\"https:\\\/\\\/expatgroup.co\\\/es\\\/wp-content\\\/uploads\\\/2025\\\/11\\\/Aliados-1.webp\",\"contentUrl\":\"https:\\\/\\\/expatgroup.co\\\/es\\\/wp-content\\\/uploads\\\/2025\\\/11\\\/Aliados-1.webp\",\"width\":2224,\"height\":1080,\"caption\":\"Aliados\"},{\"@type\":\"BreadcrumbList\",\"@id\":\"https:\\\/\\\/expatgroup.co\\\/es\\\/conviertete-en-aliado\\\/#breadcrumb\",\"itemListElement\":[{\"@type\":\"ListItem\",\"position\":1,\"name\":\"Home\",\"item\":\"https:\\\/\\\/expatgroup.co\\\/es\\\/\"},{\"@type\":\"ListItem\",\"position\":2,\"name\":\"Convi\u00e9rtete en Aliado\"}]},{\"@type\":\"WebSite\",\"@id\":\"https:\\\/\\\/expatgroup.co\\\/es\\\/#website\",\"url\":\"https:\\\/\\\/expatgroup.co\\\/es\\\/\",\"name\":\"expatgroup.co\",\"description\":\"Tu camino al sue\u00f1o Colombiano\",\"publisher\":{\"@id\":\"https:\\\/\\\/expatgroup.co\\\/es\\\/#organization\"},\"potentialAction\":[{\"@type\":\"SearchAction\",\"target\":{\"@type\":\"EntryPoint\",\"urlTemplate\":\"https:\\\/\\\/expatgroup.co\\\/es\\\/?s={search_term_string}\"},\"query-input\":{\"@type\":\"PropertyValueSpecification\",\"valueRequired\":true,\"valueName\":\"search_term_string\"}}],\"inLanguage\":\"en-US\"},{\"@type\":\"Organization\",\"@id\":\"https:\\\/\\\/expatgroup.co\\\/es\\\/#organization\",\"name\":\"expatgroup.co\",\"url\":\"https:\\\/\\\/expatgroup.co\\\/es\\\/\",\"logo\":{\"@type\":\"ImageObject\",\"inLanguage\":\"en-US\",\"@id\":\"https:\\\/\\\/expatgroup.co\\\/es\\\/#\\\/schema\\\/logo\\\/image\\\/\",\"url\":\"https:\\\/\\\/expatgroup.co\\\/es\\\/wp-content\\\/uploads\\\/2024\\\/12\\\/Logo-EG_Fondo-azul-oscuro.png\",\"contentUrl\":\"https:\\\/\\\/expatgroup.co\\\/es\\\/wp-content\\\/uploads\\\/2024\\\/12\\\/Logo-EG_Fondo-azul-oscuro.png\",\"width\":951,\"height\":524,\"caption\":\"expatgroup.co\"},\"image\":{\"@id\":\"https:\\\/\\\/expatgroup.co\\\/es\\\/#\\\/schema\\\/logo\\\/image\\\/\"},\"sameAs\":[\"https:\\\/\\\/www.facebook.com\\\/expatgroup.co\\\/\",\"https:\\\/\\\/www.instagram.com\\\/expatgroupco\\\/\"],\"description\":\"We serve as a facilitative channel between international clients and Colombia. By offering a comprehensive portfolio of solutions in immigration, real estate, legal matters, and business, our objective is to assist clients in making informed decisions regarding their relocation, residency, and investment in Colombia. We aim to ensure that this process is both effective and straightforward.\",\"email\":\"sales@expatgroup.co\",\"telephone\":\"+19547993692\"}]}<\/script>\n<!-- \/ Yoast SEO Premium plugin. -->","yoast_head_json":{"title":"Convi\u00e9rtete en Aliado: Ofrece Servicios Integrales para Extranjeros","description":"\u00danete a nuestra red de aliados. Ofrece los mejores servicios, desde visas hasta p\u00f3lizas de salud, a la comunidad extranjera en Colombia.","robots":{"index":"index","follow":"follow","max-snippet":"max-snippet:-1","max-image-preview":"max-image-preview:large","max-video-preview":"max-video-preview:-1"},"canonical":"https:\/\/expatgroup.co\/es\/conviertete-en-aliado\/","og_locale":"en_US","og_type":"article","og_title":"Convi\u00e9rtete en Aliado","og_description":"\u00danete a nuestra red de aliados. Ofrece los mejores servicios, desde visas hasta p\u00f3lizas de salud, a la comunidad extranjera en Colombia.","og_url":"https:\/\/expatgroup.co\/es\/conviertete-en-aliado\/","og_site_name":"expatgroup","article_publisher":"https:\/\/www.facebook.com\/expatgroup.co\/","article_modified_time":"2025-11-27T21:53:12+00:00","og_image":[{"width":2224,"height":1080,"url":"https:\/\/expatgroup.co\/es\/wp-content\/uploads\/2025\/11\/Aliados-1.webp","type":"image\/webp"}],"twitter_card":"summary_large_image","twitter_misc":{"Est. reading time":"4 minutes"},"schema":{"@context":"https:\/\/schema.org","@graph":[{"@type":"WebPage","@id":"https:\/\/expatgroup.co\/es\/conviertete-en-aliado\/","url":"https:\/\/expatgroup.co\/es\/conviertete-en-aliado\/","name":"Convi\u00e9rtete en Aliado: Ofrece Servicios Integrales para Extranjeros","isPartOf":{"@id":"https:\/\/expatgroup.co\/es\/#website"},"primaryImageOfPage":{"@id":"https:\/\/expatgroup.co\/es\/conviertete-en-aliado\/#primaryimage"},"image":{"@id":"https:\/\/expatgroup.co\/es\/conviertete-en-aliado\/#primaryimage"},"thumbnailUrl":"https:\/\/expatgroup.co\/es\/wp-content\/uploads\/2025\/11\/Aliados-1.webp","datePublished":"2025-11-18T14:53:58+00:00","dateModified":"2025-11-27T21:53:12+00:00","description":"\u00danete a nuestra red de aliados. Ofrece los mejores servicios, desde visas hasta p\u00f3lizas de salud, a la comunidad extranjera en Colombia.","breadcrumb":{"@id":"https:\/\/expatgroup.co\/es\/conviertete-en-aliado\/#breadcrumb"},"inLanguage":"en-US","potentialAction":[{"@type":"ReadAction","target":["https:\/\/expatgroup.co\/es\/conviertete-en-aliado\/"]}]},{"@type":"ImageObject","inLanguage":"en-US","@id":"https:\/\/expatgroup.co\/es\/conviertete-en-aliado\/#primaryimage","url":"https:\/\/expatgroup.co\/es\/wp-content\/uploads\/2025\/11\/Aliados-1.webp","contentUrl":"https:\/\/expatgroup.co\/es\/wp-content\/uploads\/2025\/11\/Aliados-1.webp","width":2224,"height":1080,"caption":"Aliados"},{"@type":"BreadcrumbList","@id":"https:\/\/expatgroup.co\/es\/conviertete-en-aliado\/#breadcrumb","itemListElement":[{"@type":"ListItem","position":1,"name":"Home","item":"https:\/\/expatgroup.co\/es\/"},{"@type":"ListItem","position":2,"name":"Convi\u00e9rtete en Aliado"}]},{"@type":"WebSite","@id":"https:\/\/expatgroup.co\/es\/#website","url":"https:\/\/expatgroup.co\/es\/","name":"expatgroup.co","description":"Tu camino al sue\u00f1o Colombiano","publisher":{"@id":"https:\/\/expatgroup.co\/es\/#organization"},"potentialAction":[{"@type":"SearchAction","target":{"@type":"EntryPoint","urlTemplate":"https:\/\/expatgroup.co\/es\/?s={search_term_string}"},"query-input":{"@type":"PropertyValueSpecification","valueRequired":true,"valueName":"search_term_string"}}],"inLanguage":"en-US"},{"@type":"Organization","@id":"https:\/\/expatgroup.co\/es\/#organization","name":"expatgroup.co","url":"https:\/\/expatgroup.co\/es\/","logo":{"@type":"ImageObject","inLanguage":"en-US","@id":"https:\/\/expatgroup.co\/es\/#\/schema\/logo\/image\/","url":"https:\/\/expatgroup.co\/es\/wp-content\/uploads\/2024\/12\/Logo-EG_Fondo-azul-oscuro.png","contentUrl":"https:\/\/expatgroup.co\/es\/wp-content\/uploads\/2024\/12\/Logo-EG_Fondo-azul-oscuro.png","width":951,"height":524,"caption":"expatgroup.co"},"image":{"@id":"https:\/\/expatgroup.co\/es\/#\/schema\/logo\/image\/"},"sameAs":["https:\/\/www.facebook.com\/expatgroup.co\/","https:\/\/www.instagram.com\/expatgroupco\/"],"description":"We serve as a facilitative channel between international clients and Colombia. By offering a comprehensive portfolio of solutions in immigration, real estate, legal matters, and business, our objective is to assist clients in making informed decisions regarding their relocation, residency, and investment in Colombia. We aim to ensure that this process is both effective and straightforward.","email":"sales@expatgroup.co","telephone":"+19547993692"}]}},"_links":{"self":[{"href":"https:\/\/expatgroup.co\/es\/wp-json\/wp\/v2\/pages\/17999","targetHints":{"allow":["GET"]}}],"collection":[{"href":"https:\/\/expatgroup.co\/es\/wp-json\/wp\/v2\/pages"}],"about":[{"href":"https:\/\/expatgroup.co\/es\/wp-json\/wp\/v2\/types\/page"}],"author":[{"embeddable":true,"href":"https:\/\/expatgroup.co\/es\/wp-json\/wp\/v2\/users\/1"}],"replies":[{"embeddable":true,"href":"https:\/\/expatgroup.co\/es\/wp-json\/wp\/v2\/comments?post=17999"}],"version-history":[{"count":6,"href":"https:\/\/expatgroup.co\/es\/wp-json\/wp\/v2\/pages\/17999\/revisions"}],"predecessor-version":[{"id":18076,"href":"https:\/\/expatgroup.co\/es\/wp-json\/wp\/v2\/pages\/17999\/revisions\/18076"}],"wp:featuredmedia":[{"embeddable":true,"href":"https:\/\/expatgroup.co\/es\/wp-json\/wp\/v2\/media\/18033"}],"wp:attachment":[{"href":"https:\/\/expatgroup.co\/es\/wp-json\/wp\/v2\/media?parent=17999"}],"curies":[{"name":"wp","href":"https:\/\/api.w.org\/{rel}","templated":true}]}}