{"id":53,"date":"2024-09-17T08:25:21","date_gmt":"2024-09-17T08:25:21","guid":{"rendered":"https:\/\/expatgroup.co\/es\/?page_id=53"},"modified":"2026-02-23T12:08:50","modified_gmt":"2026-02-23T17:08:50","slug":"nosotros","status":"publish","type":"page","link":"https:\/\/expatgroup.co\/es\/nosotros\/","title":{"rendered":"Nosotros"},"content":{"rendered":"<p><strong>En el coraz\u00f3n de nuestra misi\u00f3n se encuentra un equipo de expertos apasionados por ayudar a los extranjeros a hacer realidad sus sue\u00f1os en <span style=\"color: #fcb424;\">Col<\/span><span style=\"color: #1d71b8;\">om<\/span><span style=\"color: #fb2424;\">bia<\/span>.\u00a0 <\/strong><span style=\"font-weight: 400;\">Desde especialistas en inmigraci\u00f3n y asuntos legales hasta asesores inmobiliarios y consultores de negocios, nuestros diferentes departamentos trabajan juntos para brindar un apoyo perfecto en cada paso del camino.<\/span><\/p>\n","protected":false},"excerpt":{"rendered":"<p>En el coraz\u00f3n de nuestra misi\u00f3n se encuentra un equipo de expertos apasionados por ayudar a los extranjeros a hacer realidad sus sue\u00f1os en Colombia.\u00a0 Desde especialistas en inmigraci\u00f3n y asuntos legales hasta asesores inmobiliarios y consultores de negocios, nuestros diferentes departamentos trabajan juntos para brindar un apoyo perfecto en cada paso del camino.<\/p>\n","protected":false},"author":1,"featured_media":9633,"parent":0,"menu_order":10,"comment_status":"closed","ping_status":"closed","template":"","meta":{"_acf_changed":false,"inline_featured_image":false,"footnotes":""},"class_list":["post-53","page","type-page","status-publish","has-post-thumbnail","hentry"],"acf":[],"yoast_head":"<!-- This site is optimized with the Yoast SEO Premium plugin v25.0 (Yoast SEO v27.3) - https:\/\/yoast.com\/product\/yoast-seo-premium-wordpress\/ -->\n<title>Sobre Nosotros: Expatgroup.co | Asesor\u00eda Experta para Extranjeros<\/title>\n<meta name=\"description\" content=\"Nuestro comprometido equipo de expertos se apasiona por ayudar a los extranjeros a alcanzar sus sue\u00f1os en Colombia.\" \/>\n<meta name=\"robots\" content=\"index, follow, max-snippet:-1, max-image-preview:large, max-video-preview:-1\" \/>\n<link rel=\"canonical\" href=\"https:\/\/expatgroup.co\/es\/nosotros\/\" \/>\n<meta property=\"og:locale\" content=\"en_US\" \/>\n<meta property=\"og:type\" content=\"article\" \/>\n<meta property=\"og:title\" content=\"Nosotros\" \/>\n<meta property=\"og:description\" content=\"Nuestro comprometido equipo de expertos se apasiona por ayudar a los extranjeros a alcanzar sus sue\u00f1os en Colombia.\" \/>\n<meta property=\"og:url\" content=\"https:\/\/expatgroup.co\/es\/nosotros\/\" \/>\n<meta property=\"og:site_name\" content=\"expatgroup\" \/>\n<meta property=\"article:publisher\" content=\"https:\/\/www.facebook.com\/expatgroup.co\/\" \/>\n<meta property=\"article:modified_time\" content=\"2026-02-23T17:08:50+00:00\" \/>\n<meta property=\"og:image\" content=\"https:\/\/expatgroup.co\/es\/wp-content\/uploads\/2024\/12\/hero-aboutus.webp\" \/>\n\t<meta property=\"og:image:width\" content=\"1920\" \/>\n\t<meta property=\"og:image:height\" content=\"769\" \/>\n\t<meta property=\"og:image:type\" content=\"image\/webp\" \/>\n<meta name=\"twitter:card\" content=\"summary_large_image\" \/>\n<meta name=\"twitter:label1\" content=\"Est. reading time\" \/>\n\t<meta name=\"twitter:data1\" content=\"7 minutes\" \/>\n<script type=\"application\/ld+json\" class=\"yoast-schema-graph\">{\"@context\":\"https:\\\/\\\/schema.org\",\"@graph\":[{\"@type\":\"WebPage\",\"@id\":\"https:\\\/\\\/expatgroup.co\\\/es\\\/nosotros\\\/\",\"url\":\"https:\\\/\\\/expatgroup.co\\\/es\\\/nosotros\\\/\",\"name\":\"Sobre Nosotros: Expatgroup.co | Asesor\u00eda Experta para Extranjeros\",\"isPartOf\":{\"@id\":\"https:\\\/\\\/expatgroup.co\\\/es\\\/#website\"},\"primaryImageOfPage\":{\"@id\":\"https:\\\/\\\/expatgroup.co\\\/es\\\/nosotros\\\/#primaryimage\"},\"image\":{\"@id\":\"https:\\\/\\\/expatgroup.co\\\/es\\\/nosotros\\\/#primaryimage\"},\"thumbnailUrl\":\"https:\\\/\\\/expatgroup.co\\\/es\\\/wp-content\\\/uploads\\\/2024\\\/12\\\/hero-aboutus.webp\",\"datePublished\":\"2024-09-17T08:25:21+00:00\",\"dateModified\":\"2026-02-23T17:08:50+00:00\",\"description\":\"Nuestro comprometido equipo de expertos se apasiona por ayudar a los extranjeros a alcanzar sus sue\u00f1os en Colombia.\",\"breadcrumb\":{\"@id\":\"https:\\\/\\\/expatgroup.co\\\/es\\\/nosotros\\\/#breadcrumb\"},\"inLanguage\":\"en-US\",\"potentialAction\":[{\"@type\":\"ReadAction\",\"target\":[\"https:\\\/\\\/expatgroup.co\\\/es\\\/nosotros\\\/\"]}]},{\"@type\":\"ImageObject\",\"inLanguage\":\"en-US\",\"@id\":\"https:\\\/\\\/expatgroup.co\\\/es\\\/nosotros\\\/#primaryimage\",\"url\":\"https:\\\/\\\/expatgroup.co\\\/es\\\/wp-content\\\/uploads\\\/2024\\\/12\\\/hero-aboutus.webp\",\"contentUrl\":\"https:\\\/\\\/expatgroup.co\\\/es\\\/wp-content\\\/uploads\\\/2024\\\/12\\\/hero-aboutus.webp\",\"width\":1920,\"height\":769},{\"@type\":\"BreadcrumbList\",\"@id\":\"https:\\\/\\\/expatgroup.co\\\/es\\\/nosotros\\\/#breadcrumb\",\"itemListElement\":[{\"@type\":\"ListItem\",\"position\":1,\"name\":\"Home\",\"item\":\"https:\\\/\\\/expatgroup.co\\\/es\\\/\"},{\"@type\":\"ListItem\",\"position\":2,\"name\":\"Nosotros\"}]},{\"@type\":\"WebSite\",\"@id\":\"https:\\\/\\\/expatgroup.co\\\/es\\\/#website\",\"url\":\"https:\\\/\\\/expatgroup.co\\\/es\\\/\",\"name\":\"expatgroup.co\",\"description\":\"Tu camino al sue\u00f1o Colombiano\",\"publisher\":{\"@id\":\"https:\\\/\\\/expatgroup.co\\\/es\\\/#organization\"},\"potentialAction\":[{\"@type\":\"SearchAction\",\"target\":{\"@type\":\"EntryPoint\",\"urlTemplate\":\"https:\\\/\\\/expatgroup.co\\\/es\\\/?s={search_term_string}\"},\"query-input\":{\"@type\":\"PropertyValueSpecification\",\"valueRequired\":true,\"valueName\":\"search_term_string\"}}],\"inLanguage\":\"en-US\"},{\"@type\":\"Organization\",\"@id\":\"https:\\\/\\\/expatgroup.co\\\/es\\\/#organization\",\"name\":\"expatgroup.co\",\"url\":\"https:\\\/\\\/expatgroup.co\\\/es\\\/\",\"logo\":{\"@type\":\"ImageObject\",\"inLanguage\":\"en-US\",\"@id\":\"https:\\\/\\\/expatgroup.co\\\/es\\\/#\\\/schema\\\/logo\\\/image\\\/\",\"url\":\"https:\\\/\\\/expatgroup.co\\\/es\\\/wp-content\\\/uploads\\\/2024\\\/12\\\/Logo-EG_Fondo-azul-oscuro.png\",\"contentUrl\":\"https:\\\/\\\/expatgroup.co\\\/es\\\/wp-content\\\/uploads\\\/2024\\\/12\\\/Logo-EG_Fondo-azul-oscuro.png\",\"width\":951,\"height\":524,\"caption\":\"expatgroup.co\"},\"image\":{\"@id\":\"https:\\\/\\\/expatgroup.co\\\/es\\\/#\\\/schema\\\/logo\\\/image\\\/\"},\"sameAs\":[\"https:\\\/\\\/www.facebook.com\\\/expatgroup.co\\\/\",\"https:\\\/\\\/www.instagram.com\\\/expatgroupco\\\/\"],\"description\":\"We serve as a facilitative channel between international clients and Colombia. By offering a comprehensive portfolio of solutions in immigration, real estate, legal matters, and business, our objective is to assist clients in making informed decisions regarding their relocation, residency, and investment in Colombia. We aim to ensure that this process is both effective and straightforward.\",\"email\":\"sales@expatgroup.co\",\"telephone\":\"+19547993692\"}]}<\/script>\n<!-- \/ Yoast SEO Premium plugin. -->","yoast_head_json":{"title":"Sobre Nosotros: Expatgroup.co | Asesor\u00eda Experta para Extranjeros","description":"Nuestro comprometido equipo de expertos se apasiona por ayudar a los extranjeros a alcanzar sus sue\u00f1os en Colombia.","robots":{"index":"index","follow":"follow","max-snippet":"max-snippet:-1","max-image-preview":"max-image-preview:large","max-video-preview":"max-video-preview:-1"},"canonical":"https:\/\/expatgroup.co\/es\/nosotros\/","og_locale":"en_US","og_type":"article","og_title":"Nosotros","og_description":"Nuestro comprometido equipo de expertos se apasiona por ayudar a los extranjeros a alcanzar sus sue\u00f1os en Colombia.","og_url":"https:\/\/expatgroup.co\/es\/nosotros\/","og_site_name":"expatgroup","article_publisher":"https:\/\/www.facebook.com\/expatgroup.co\/","article_modified_time":"2026-02-23T17:08:50+00:00","og_image":[{"width":1920,"height":769,"url":"https:\/\/expatgroup.co\/es\/wp-content\/uploads\/2024\/12\/hero-aboutus.webp","type":"image\/webp"}],"twitter_card":"summary_large_image","twitter_misc":{"Est. reading time":"7 minutes"},"schema":{"@context":"https:\/\/schema.org","@graph":[{"@type":"WebPage","@id":"https:\/\/expatgroup.co\/es\/nosotros\/","url":"https:\/\/expatgroup.co\/es\/nosotros\/","name":"Sobre Nosotros: Expatgroup.co | Asesor\u00eda Experta para Extranjeros","isPartOf":{"@id":"https:\/\/expatgroup.co\/es\/#website"},"primaryImageOfPage":{"@id":"https:\/\/expatgroup.co\/es\/nosotros\/#primaryimage"},"image":{"@id":"https:\/\/expatgroup.co\/es\/nosotros\/#primaryimage"},"thumbnailUrl":"https:\/\/expatgroup.co\/es\/wp-content\/uploads\/2024\/12\/hero-aboutus.webp","datePublished":"2024-09-17T08:25:21+00:00","dateModified":"2026-02-23T17:08:50+00:00","description":"Nuestro comprometido equipo de expertos se apasiona por ayudar a los extranjeros a alcanzar sus sue\u00f1os en Colombia.","breadcrumb":{"@id":"https:\/\/expatgroup.co\/es\/nosotros\/#breadcrumb"},"inLanguage":"en-US","potentialAction":[{"@type":"ReadAction","target":["https:\/\/expatgroup.co\/es\/nosotros\/"]}]},{"@type":"ImageObject","inLanguage":"en-US","@id":"https:\/\/expatgroup.co\/es\/nosotros\/#primaryimage","url":"https:\/\/expatgroup.co\/es\/wp-content\/uploads\/2024\/12\/hero-aboutus.webp","contentUrl":"https:\/\/expatgroup.co\/es\/wp-content\/uploads\/2024\/12\/hero-aboutus.webp","width":1920,"height":769},{"@type":"BreadcrumbList","@id":"https:\/\/expatgroup.co\/es\/nosotros\/#breadcrumb","itemListElement":[{"@type":"ListItem","position":1,"name":"Home","item":"https:\/\/expatgroup.co\/es\/"},{"@type":"ListItem","position":2,"name":"Nosotros"}]},{"@type":"WebSite","@id":"https:\/\/expatgroup.co\/es\/#website","url":"https:\/\/expatgroup.co\/es\/","name":"expatgroup.co","description":"Tu camino al sue\u00f1o Colombiano","publisher":{"@id":"https:\/\/expatgroup.co\/es\/#organization"},"potentialAction":[{"@type":"SearchAction","target":{"@type":"EntryPoint","urlTemplate":"https:\/\/expatgroup.co\/es\/?s={search_term_string}"},"query-input":{"@type":"PropertyValueSpecification","valueRequired":true,"valueName":"search_term_string"}}],"inLanguage":"en-US"},{"@type":"Organization","@id":"https:\/\/expatgroup.co\/es\/#organization","name":"expatgroup.co","url":"https:\/\/expatgroup.co\/es\/","logo":{"@type":"ImageObject","inLanguage":"en-US","@id":"https:\/\/expatgroup.co\/es\/#\/schema\/logo\/image\/","url":"https:\/\/expatgroup.co\/es\/wp-content\/uploads\/2024\/12\/Logo-EG_Fondo-azul-oscuro.png","contentUrl":"https:\/\/expatgroup.co\/es\/wp-content\/uploads\/2024\/12\/Logo-EG_Fondo-azul-oscuro.png","width":951,"height":524,"caption":"expatgroup.co"},"image":{"@id":"https:\/\/expatgroup.co\/es\/#\/schema\/logo\/image\/"},"sameAs":["https:\/\/www.facebook.com\/expatgroup.co\/","https:\/\/www.instagram.com\/expatgroupco\/"],"description":"We serve as a facilitative channel between international clients and Colombia. By offering a comprehensive portfolio of solutions in immigration, real estate, legal matters, and business, our objective is to assist clients in making informed decisions regarding their relocation, residency, and investment in Colombia. We aim to ensure that this process is both effective and straightforward.","email":"sales@expatgroup.co","telephone":"+19547993692"}]}},"_links":{"self":[{"href":"https:\/\/expatgroup.co\/es\/wp-json\/wp\/v2\/pages\/53","targetHints":{"allow":["GET"]}}],"collection":[{"href":"https:\/\/expatgroup.co\/es\/wp-json\/wp\/v2\/pages"}],"about":[{"href":"https:\/\/expatgroup.co\/es\/wp-json\/wp\/v2\/types\/page"}],"author":[{"embeddable":true,"href":"https:\/\/expatgroup.co\/es\/wp-json\/wp\/v2\/users\/1"}],"replies":[{"embeddable":true,"href":"https:\/\/expatgroup.co\/es\/wp-json\/wp\/v2\/comments?post=53"}],"version-history":[{"count":8,"href":"https:\/\/expatgroup.co\/es\/wp-json\/wp\/v2\/pages\/53\/revisions"}],"predecessor-version":[{"id":18656,"href":"https:\/\/expatgroup.co\/es\/wp-json\/wp\/v2\/pages\/53\/revisions\/18656"}],"wp:featuredmedia":[{"embeddable":true,"href":"https:\/\/expatgroup.co\/es\/wp-json\/wp\/v2\/media\/9633"}],"wp:attachment":[{"href":"https:\/\/expatgroup.co\/es\/wp-json\/wp\/v2\/media?parent=53"}],"curies":[{"name":"wp","href":"https:\/\/api.w.org\/{rel}","templated":true}]}}