{"id":57,"date":"2024-09-17T08:25:37","date_gmt":"2024-09-17T08:25:37","guid":{"rendered":"https:\/\/expatgroup.co\/es\/?page_id=57"},"modified":"2025-10-26T20:51:42","modified_gmt":"2025-10-27T01:51:42","slug":"faqs","status":"publish","type":"page","link":"https:\/\/expatgroup.co\/es\/faqs\/","title":{"rendered":"FAQs"},"content":{"rendered":"<p><span style=\"font-weight: 400;\">Ofrecemos orientaci\u00f3n experta en procesos de <strong>migratorios, oportunidades de negocio, vivienda e inversi\u00f3n<\/strong>, asegurando que tengas todos los recursos necesarios para una transici\u00f3n exitosa y sin problemas a la vida en Colombia.<\/span><\/p>\n","protected":false},"excerpt":{"rendered":"<p>Ofrecemos orientaci\u00f3n experta en procesos de migratorios, oportunidades de negocio, vivienda e inversi\u00f3n, asegurando que tengas todos los recursos necesarios para una transici\u00f3n exitosa y sin problemas a la vida en Colombia.<\/p>\n","protected":false},"author":1,"featured_media":0,"parent":0,"menu_order":32,"comment_status":"closed","ping_status":"closed","template":"","meta":{"_acf_changed":false,"inline_featured_image":false,"footnotes":""},"class_list":["post-57","page","type-page","status-publish","hentry"],"acf":[],"yoast_head":"<!-- This site is optimized with the Yoast SEO Premium plugin v25.0 (Yoast SEO v27.3) - https:\/\/yoast.com\/product\/yoast-seo-premium-wordpress\/ -->\n<title>FAQs - Gu\u00eda Experta para Extranjeros en Colombia | expatgroup<\/title>\n<meta name=\"description\" content=\"Encuentra respuestas sobre migraci\u00f3n, negocios, vivienda e inversi\u00f3n en Colombia. \u00a1Obt\u00e9n asesor\u00eda experta para una transici\u00f3n \u00e9xitosa!\" \/>\n<meta name=\"robots\" content=\"index, follow, max-snippet:-1, max-image-preview:large, max-video-preview:-1\" \/>\n<link rel=\"canonical\" href=\"https:\/\/expatgroup.co\/es\/faqs\/\" \/>\n<meta property=\"og:locale\" content=\"en_US\" \/>\n<meta property=\"og:type\" content=\"article\" \/>\n<meta property=\"og:title\" content=\"FAQs\" \/>\n<meta property=\"og:description\" content=\"Encuentra respuestas sobre migraci\u00f3n, negocios, vivienda e inversi\u00f3n en Colombia. \u00a1Obt\u00e9n asesor\u00eda experta para una transici\u00f3n \u00e9xitosa!\" \/>\n<meta property=\"og:url\" content=\"https:\/\/expatgroup.co\/es\/faqs\/\" \/>\n<meta property=\"og:site_name\" content=\"expatgroup\" \/>\n<meta property=\"article:publisher\" content=\"https:\/\/www.facebook.com\/expatgroup.co\/\" \/>\n<meta property=\"article:modified_time\" content=\"2025-10-27T01:51:42+00:00\" \/>\n<meta property=\"og:image\" content=\"https:\/\/expatgroup.co\/es\/wp-content\/uploads\/2025\/05\/2024-11-20.webp\" \/>\n\t<meta property=\"og:image:width\" content=\"996\" \/>\n\t<meta property=\"og:image:height\" content=\"712\" \/>\n\t<meta property=\"og:image:type\" content=\"image\/webp\" \/>\n<meta name=\"twitter:card\" content=\"summary_large_image\" \/>\n<meta name=\"twitter:label1\" content=\"Est. reading time\" \/>\n\t<meta name=\"twitter:data1\" content=\"1 minute\" \/>\n<script type=\"application\/ld+json\" class=\"yoast-schema-graph\">{\"@context\":\"https:\\\/\\\/schema.org\",\"@graph\":[{\"@type\":\"WebPage\",\"@id\":\"https:\\\/\\\/expatgroup.co\\\/es\\\/faqs\\\/\",\"url\":\"https:\\\/\\\/expatgroup.co\\\/es\\\/faqs\\\/\",\"name\":\"FAQs - Gu\u00eda Experta para Extranjeros en Colombia | expatgroup\",\"isPartOf\":{\"@id\":\"https:\\\/\\\/expatgroup.co\\\/es\\\/#website\"},\"datePublished\":\"2024-09-17T08:25:37+00:00\",\"dateModified\":\"2025-10-27T01:51:42+00:00\",\"description\":\"Encuentra respuestas sobre migraci\u00f3n, negocios, vivienda e inversi\u00f3n en Colombia. \u00a1Obt\u00e9n asesor\u00eda experta para una transici\u00f3n \u00e9xitosa!\",\"breadcrumb\":{\"@id\":\"https:\\\/\\\/expatgroup.co\\\/es\\\/faqs\\\/#breadcrumb\"},\"inLanguage\":\"en-US\",\"potentialAction\":[{\"@type\":\"ReadAction\",\"target\":[\"https:\\\/\\\/expatgroup.co\\\/es\\\/faqs\\\/\"]}]},{\"@type\":\"BreadcrumbList\",\"@id\":\"https:\\\/\\\/expatgroup.co\\\/es\\\/faqs\\\/#breadcrumb\",\"itemListElement\":[{\"@type\":\"ListItem\",\"position\":1,\"name\":\"Home\",\"item\":\"https:\\\/\\\/expatgroup.co\\\/es\\\/\"},{\"@type\":\"ListItem\",\"position\":2,\"name\":\"FAQs\"}]},{\"@type\":\"WebSite\",\"@id\":\"https:\\\/\\\/expatgroup.co\\\/es\\\/#website\",\"url\":\"https:\\\/\\\/expatgroup.co\\\/es\\\/\",\"name\":\"expatgroup.co\",\"description\":\"Tu camino al sue\u00f1o Colombiano\",\"publisher\":{\"@id\":\"https:\\\/\\\/expatgroup.co\\\/es\\\/#organization\"},\"potentialAction\":[{\"@type\":\"SearchAction\",\"target\":{\"@type\":\"EntryPoint\",\"urlTemplate\":\"https:\\\/\\\/expatgroup.co\\\/es\\\/?s={search_term_string}\"},\"query-input\":{\"@type\":\"PropertyValueSpecification\",\"valueRequired\":true,\"valueName\":\"search_term_string\"}}],\"inLanguage\":\"en-US\"},{\"@type\":\"Organization\",\"@id\":\"https:\\\/\\\/expatgroup.co\\\/es\\\/#organization\",\"name\":\"expatgroup.co\",\"url\":\"https:\\\/\\\/expatgroup.co\\\/es\\\/\",\"logo\":{\"@type\":\"ImageObject\",\"inLanguage\":\"en-US\",\"@id\":\"https:\\\/\\\/expatgroup.co\\\/es\\\/#\\\/schema\\\/logo\\\/image\\\/\",\"url\":\"https:\\\/\\\/expatgroup.co\\\/es\\\/wp-content\\\/uploads\\\/2024\\\/12\\\/Logo-EG_Fondo-azul-oscuro.png\",\"contentUrl\":\"https:\\\/\\\/expatgroup.co\\\/es\\\/wp-content\\\/uploads\\\/2024\\\/12\\\/Logo-EG_Fondo-azul-oscuro.png\",\"width\":951,\"height\":524,\"caption\":\"expatgroup.co\"},\"image\":{\"@id\":\"https:\\\/\\\/expatgroup.co\\\/es\\\/#\\\/schema\\\/logo\\\/image\\\/\"},\"sameAs\":[\"https:\\\/\\\/www.facebook.com\\\/expatgroup.co\\\/\",\"https:\\\/\\\/www.instagram.com\\\/expatgroupco\\\/\"],\"description\":\"We serve as a facilitative channel between international clients and Colombia. By offering a comprehensive portfolio of solutions in immigration, real estate, legal matters, and business, our objective is to assist clients in making informed decisions regarding their relocation, residency, and investment in Colombia. We aim to ensure that this process is both effective and straightforward.\",\"email\":\"sales@expatgroup.co\",\"telephone\":\"+19547993692\"}]}<\/script>\n<!-- \/ Yoast SEO Premium plugin. -->","yoast_head_json":{"title":"FAQs - Gu\u00eda Experta para Extranjeros en Colombia | expatgroup","description":"Encuentra respuestas sobre migraci\u00f3n, negocios, vivienda e inversi\u00f3n en Colombia. \u00a1Obt\u00e9n asesor\u00eda experta para una transici\u00f3n \u00e9xitosa!","robots":{"index":"index","follow":"follow","max-snippet":"max-snippet:-1","max-image-preview":"max-image-preview:large","max-video-preview":"max-video-preview:-1"},"canonical":"https:\/\/expatgroup.co\/es\/faqs\/","og_locale":"en_US","og_type":"article","og_title":"FAQs","og_description":"Encuentra respuestas sobre migraci\u00f3n, negocios, vivienda e inversi\u00f3n en Colombia. \u00a1Obt\u00e9n asesor\u00eda experta para una transici\u00f3n \u00e9xitosa!","og_url":"https:\/\/expatgroup.co\/es\/faqs\/","og_site_name":"expatgroup","article_publisher":"https:\/\/www.facebook.com\/expatgroup.co\/","article_modified_time":"2025-10-27T01:51:42+00:00","og_image":[{"width":996,"height":712,"url":"https:\/\/expatgroup.co\/es\/wp-content\/uploads\/2025\/05\/2024-11-20.webp","type":"image\/webp"}],"twitter_card":"summary_large_image","twitter_misc":{"Est. reading time":"1 minute"},"schema":{"@context":"https:\/\/schema.org","@graph":[{"@type":"WebPage","@id":"https:\/\/expatgroup.co\/es\/faqs\/","url":"https:\/\/expatgroup.co\/es\/faqs\/","name":"FAQs - Gu\u00eda Experta para Extranjeros en Colombia | expatgroup","isPartOf":{"@id":"https:\/\/expatgroup.co\/es\/#website"},"datePublished":"2024-09-17T08:25:37+00:00","dateModified":"2025-10-27T01:51:42+00:00","description":"Encuentra respuestas sobre migraci\u00f3n, negocios, vivienda e inversi\u00f3n en Colombia. \u00a1Obt\u00e9n asesor\u00eda experta para una transici\u00f3n \u00e9xitosa!","breadcrumb":{"@id":"https:\/\/expatgroup.co\/es\/faqs\/#breadcrumb"},"inLanguage":"en-US","potentialAction":[{"@type":"ReadAction","target":["https:\/\/expatgroup.co\/es\/faqs\/"]}]},{"@type":"BreadcrumbList","@id":"https:\/\/expatgroup.co\/es\/faqs\/#breadcrumb","itemListElement":[{"@type":"ListItem","position":1,"name":"Home","item":"https:\/\/expatgroup.co\/es\/"},{"@type":"ListItem","position":2,"name":"FAQs"}]},{"@type":"WebSite","@id":"https:\/\/expatgroup.co\/es\/#website","url":"https:\/\/expatgroup.co\/es\/","name":"expatgroup.co","description":"Tu camino al sue\u00f1o Colombiano","publisher":{"@id":"https:\/\/expatgroup.co\/es\/#organization"},"potentialAction":[{"@type":"SearchAction","target":{"@type":"EntryPoint","urlTemplate":"https:\/\/expatgroup.co\/es\/?s={search_term_string}"},"query-input":{"@type":"PropertyValueSpecification","valueRequired":true,"valueName":"search_term_string"}}],"inLanguage":"en-US"},{"@type":"Organization","@id":"https:\/\/expatgroup.co\/es\/#organization","name":"expatgroup.co","url":"https:\/\/expatgroup.co\/es\/","logo":{"@type":"ImageObject","inLanguage":"en-US","@id":"https:\/\/expatgroup.co\/es\/#\/schema\/logo\/image\/","url":"https:\/\/expatgroup.co\/es\/wp-content\/uploads\/2024\/12\/Logo-EG_Fondo-azul-oscuro.png","contentUrl":"https:\/\/expatgroup.co\/es\/wp-content\/uploads\/2024\/12\/Logo-EG_Fondo-azul-oscuro.png","width":951,"height":524,"caption":"expatgroup.co"},"image":{"@id":"https:\/\/expatgroup.co\/es\/#\/schema\/logo\/image\/"},"sameAs":["https:\/\/www.facebook.com\/expatgroup.co\/","https:\/\/www.instagram.com\/expatgroupco\/"],"description":"We serve as a facilitative channel between international clients and Colombia. By offering a comprehensive portfolio of solutions in immigration, real estate, legal matters, and business, our objective is to assist clients in making informed decisions regarding their relocation, residency, and investment in Colombia. We aim to ensure that this process is both effective and straightforward.","email":"sales@expatgroup.co","telephone":"+19547993692"}]}},"_links":{"self":[{"href":"https:\/\/expatgroup.co\/es\/wp-json\/wp\/v2\/pages\/57","targetHints":{"allow":["GET"]}}],"collection":[{"href":"https:\/\/expatgroup.co\/es\/wp-json\/wp\/v2\/pages"}],"about":[{"href":"https:\/\/expatgroup.co\/es\/wp-json\/wp\/v2\/types\/page"}],"author":[{"embeddable":true,"href":"https:\/\/expatgroup.co\/es\/wp-json\/wp\/v2\/users\/1"}],"replies":[{"embeddable":true,"href":"https:\/\/expatgroup.co\/es\/wp-json\/wp\/v2\/comments?post=57"}],"version-history":[{"count":3,"href":"https:\/\/expatgroup.co\/es\/wp-json\/wp\/v2\/pages\/57\/revisions"}],"predecessor-version":[{"id":15423,"href":"https:\/\/expatgroup.co\/es\/wp-json\/wp\/v2\/pages\/57\/revisions\/15423"}],"wp:attachment":[{"href":"https:\/\/expatgroup.co\/es\/wp-json\/wp\/v2\/media?parent=57"}],"curies":[{"name":"wp","href":"https:\/\/api.w.org\/{rel}","templated":true}]}}