{"id":6290,"date":"2024-12-03T01:24:38","date_gmt":"2024-12-03T06:24:38","guid":{"rendered":"https:\/\/expatgroup.co\/es\/?page_id=6290"},"modified":"2025-10-26T20:44:34","modified_gmt":"2025-10-27T01:44:34","slug":"cotiza-ahora","status":"publish","type":"page","link":"https:\/\/expatgroup.co\/es\/cotiza-ahora\/","title":{"rendered":"Cotiza Ahora"},"content":{"rendered":"<p><span style=\"font-weight: 400;\">Ofrecemos orientaci\u00f3n experta en procesos migratorios, oportunidades de negocio, vivienda e inversi\u00f3n, asegurando que tengas todos los recursos necesarios para una transici\u00f3n exitosa y sin problemas a la vida en Colombia.<\/span><\/p>\n","protected":false},"excerpt":{"rendered":"<p>Ofrecemos orientaci\u00f3n experta en procesos migratorios, oportunidades de negocio, vivienda e inversi\u00f3n, asegurando que tengas todos los recursos necesarios para una transici\u00f3n exitosa y sin problemas a la vida en Colombia.<\/p>\n","protected":false},"author":1,"featured_media":0,"parent":0,"menu_order":23,"comment_status":"closed","ping_status":"closed","template":"","meta":{"_acf_changed":false,"inline_featured_image":false,"footnotes":""},"class_list":["post-6290","page","type-page","status-publish","hentry"],"acf":[],"yoast_head":"<!-- This site is optimized with the Yoast SEO Premium plugin v25.0 (Yoast SEO v27.3) - https:\/\/yoast.com\/product\/yoast-seo-premium-wordpress\/ -->\n<title>Obt\u00e9n una Cotizaci\u00f3n R\u00e1pida y F\u00e1cil con Expatgroup.co | expatgroup<\/title>\n<meta name=\"description\" content=\"\u00bfNecesitas asesor\u00eda experta en migraci\u00f3n, negocios, vivienda o inversi\u00f3n en Colombia? \u00a1Obt\u00e9n una cotizaci\u00f3n r\u00e1pida y comenzar tu viaje hoy!\" \/>\n<meta name=\"robots\" content=\"index, follow, max-snippet:-1, max-image-preview:large, max-video-preview:-1\" \/>\n<link rel=\"canonical\" href=\"https:\/\/expatgroup.co\/es\/cotiza-ahora\/\" \/>\n<meta property=\"og:locale\" content=\"en_US\" \/>\n<meta property=\"og:type\" content=\"article\" \/>\n<meta property=\"og:title\" content=\"Cotiza Ahora\" \/>\n<meta property=\"og:description\" content=\"\u00bfNecesitas asesor\u00eda experta en migraci\u00f3n, negocios, vivienda o inversi\u00f3n en Colombia? \u00a1Obt\u00e9n una cotizaci\u00f3n r\u00e1pida y comenzar tu viaje hoy!\" \/>\n<meta property=\"og:url\" content=\"https:\/\/expatgroup.co\/es\/cotiza-ahora\/\" \/>\n<meta property=\"og:site_name\" content=\"expatgroup\" \/>\n<meta property=\"article:publisher\" content=\"https:\/\/www.facebook.com\/expatgroup.co\/\" \/>\n<meta property=\"article:modified_time\" content=\"2025-10-27T01:44:34+00:00\" \/>\n<meta property=\"og:image\" content=\"https:\/\/expatgroup.co\/es\/wp-content\/uploads\/2025\/05\/2024-11-20.webp\" \/>\n\t<meta property=\"og:image:width\" content=\"996\" \/>\n\t<meta property=\"og:image:height\" content=\"712\" \/>\n\t<meta property=\"og:image:type\" content=\"image\/webp\" \/>\n<meta name=\"twitter:card\" content=\"summary_large_image\" \/>\n<meta name=\"twitter:label1\" content=\"Est. reading time\" \/>\n\t<meta name=\"twitter:data1\" content=\"1 minute\" \/>\n<script type=\"application\/ld+json\" class=\"yoast-schema-graph\">{\"@context\":\"https:\\\/\\\/schema.org\",\"@graph\":[{\"@type\":\"WebPage\",\"@id\":\"https:\\\/\\\/expatgroup.co\\\/es\\\/cotiza-ahora\\\/\",\"url\":\"https:\\\/\\\/expatgroup.co\\\/es\\\/cotiza-ahora\\\/\",\"name\":\"Obt\u00e9n una Cotizaci\u00f3n R\u00e1pida y F\u00e1cil con Expatgroup.co | expatgroup\",\"isPartOf\":{\"@id\":\"https:\\\/\\\/expatgroup.co\\\/es\\\/#website\"},\"datePublished\":\"2024-12-03T06:24:38+00:00\",\"dateModified\":\"2025-10-27T01:44:34+00:00\",\"description\":\"\u00bfNecesitas asesor\u00eda experta en migraci\u00f3n, negocios, vivienda o inversi\u00f3n en Colombia? \u00a1Obt\u00e9n una cotizaci\u00f3n r\u00e1pida y comenzar tu viaje hoy!\",\"breadcrumb\":{\"@id\":\"https:\\\/\\\/expatgroup.co\\\/es\\\/cotiza-ahora\\\/#breadcrumb\"},\"inLanguage\":\"en-US\",\"potentialAction\":[{\"@type\":\"ReadAction\",\"target\":[\"https:\\\/\\\/expatgroup.co\\\/es\\\/cotiza-ahora\\\/\"]}]},{\"@type\":\"BreadcrumbList\",\"@id\":\"https:\\\/\\\/expatgroup.co\\\/es\\\/cotiza-ahora\\\/#breadcrumb\",\"itemListElement\":[{\"@type\":\"ListItem\",\"position\":1,\"name\":\"Home\",\"item\":\"https:\\\/\\\/expatgroup.co\\\/es\\\/\"},{\"@type\":\"ListItem\",\"position\":2,\"name\":\"Cotiza Ahora\"}]},{\"@type\":\"WebSite\",\"@id\":\"https:\\\/\\\/expatgroup.co\\\/es\\\/#website\",\"url\":\"https:\\\/\\\/expatgroup.co\\\/es\\\/\",\"name\":\"expatgroup.co\",\"description\":\"Tu camino al sue\u00f1o Colombiano\",\"publisher\":{\"@id\":\"https:\\\/\\\/expatgroup.co\\\/es\\\/#organization\"},\"potentialAction\":[{\"@type\":\"SearchAction\",\"target\":{\"@type\":\"EntryPoint\",\"urlTemplate\":\"https:\\\/\\\/expatgroup.co\\\/es\\\/?s={search_term_string}\"},\"query-input\":{\"@type\":\"PropertyValueSpecification\",\"valueRequired\":true,\"valueName\":\"search_term_string\"}}],\"inLanguage\":\"en-US\"},{\"@type\":\"Organization\",\"@id\":\"https:\\\/\\\/expatgroup.co\\\/es\\\/#organization\",\"name\":\"expatgroup.co\",\"url\":\"https:\\\/\\\/expatgroup.co\\\/es\\\/\",\"logo\":{\"@type\":\"ImageObject\",\"inLanguage\":\"en-US\",\"@id\":\"https:\\\/\\\/expatgroup.co\\\/es\\\/#\\\/schema\\\/logo\\\/image\\\/\",\"url\":\"https:\\\/\\\/expatgroup.co\\\/es\\\/wp-content\\\/uploads\\\/2024\\\/12\\\/Logo-EG_Fondo-azul-oscuro.png\",\"contentUrl\":\"https:\\\/\\\/expatgroup.co\\\/es\\\/wp-content\\\/uploads\\\/2024\\\/12\\\/Logo-EG_Fondo-azul-oscuro.png\",\"width\":951,\"height\":524,\"caption\":\"expatgroup.co\"},\"image\":{\"@id\":\"https:\\\/\\\/expatgroup.co\\\/es\\\/#\\\/schema\\\/logo\\\/image\\\/\"},\"sameAs\":[\"https:\\\/\\\/www.facebook.com\\\/expatgroup.co\\\/\",\"https:\\\/\\\/www.instagram.com\\\/expatgroupco\\\/\"],\"description\":\"We serve as a facilitative channel between international clients and Colombia. By offering a comprehensive portfolio of solutions in immigration, real estate, legal matters, and business, our objective is to assist clients in making informed decisions regarding their relocation, residency, and investment in Colombia. We aim to ensure that this process is both effective and straightforward.\",\"email\":\"sales@expatgroup.co\",\"telephone\":\"+19547993692\"}]}<\/script>\n<!-- \/ Yoast SEO Premium plugin. -->","yoast_head_json":{"title":"Obt\u00e9n una Cotizaci\u00f3n R\u00e1pida y F\u00e1cil con Expatgroup.co | expatgroup","description":"\u00bfNecesitas asesor\u00eda experta en migraci\u00f3n, negocios, vivienda o inversi\u00f3n en Colombia? \u00a1Obt\u00e9n una cotizaci\u00f3n r\u00e1pida y comenzar tu viaje hoy!","robots":{"index":"index","follow":"follow","max-snippet":"max-snippet:-1","max-image-preview":"max-image-preview:large","max-video-preview":"max-video-preview:-1"},"canonical":"https:\/\/expatgroup.co\/es\/cotiza-ahora\/","og_locale":"en_US","og_type":"article","og_title":"Cotiza Ahora","og_description":"\u00bfNecesitas asesor\u00eda experta en migraci\u00f3n, negocios, vivienda o inversi\u00f3n en Colombia? \u00a1Obt\u00e9n una cotizaci\u00f3n r\u00e1pida y comenzar tu viaje hoy!","og_url":"https:\/\/expatgroup.co\/es\/cotiza-ahora\/","og_site_name":"expatgroup","article_publisher":"https:\/\/www.facebook.com\/expatgroup.co\/","article_modified_time":"2025-10-27T01:44:34+00:00","og_image":[{"width":996,"height":712,"url":"https:\/\/expatgroup.co\/es\/wp-content\/uploads\/2025\/05\/2024-11-20.webp","type":"image\/webp"}],"twitter_card":"summary_large_image","twitter_misc":{"Est. reading time":"1 minute"},"schema":{"@context":"https:\/\/schema.org","@graph":[{"@type":"WebPage","@id":"https:\/\/expatgroup.co\/es\/cotiza-ahora\/","url":"https:\/\/expatgroup.co\/es\/cotiza-ahora\/","name":"Obt\u00e9n una Cotizaci\u00f3n R\u00e1pida y F\u00e1cil con Expatgroup.co | expatgroup","isPartOf":{"@id":"https:\/\/expatgroup.co\/es\/#website"},"datePublished":"2024-12-03T06:24:38+00:00","dateModified":"2025-10-27T01:44:34+00:00","description":"\u00bfNecesitas asesor\u00eda experta en migraci\u00f3n, negocios, vivienda o inversi\u00f3n en Colombia? \u00a1Obt\u00e9n una cotizaci\u00f3n r\u00e1pida y comenzar tu viaje hoy!","breadcrumb":{"@id":"https:\/\/expatgroup.co\/es\/cotiza-ahora\/#breadcrumb"},"inLanguage":"en-US","potentialAction":[{"@type":"ReadAction","target":["https:\/\/expatgroup.co\/es\/cotiza-ahora\/"]}]},{"@type":"BreadcrumbList","@id":"https:\/\/expatgroup.co\/es\/cotiza-ahora\/#breadcrumb","itemListElement":[{"@type":"ListItem","position":1,"name":"Home","item":"https:\/\/expatgroup.co\/es\/"},{"@type":"ListItem","position":2,"name":"Cotiza Ahora"}]},{"@type":"WebSite","@id":"https:\/\/expatgroup.co\/es\/#website","url":"https:\/\/expatgroup.co\/es\/","name":"expatgroup.co","description":"Tu camino al sue\u00f1o Colombiano","publisher":{"@id":"https:\/\/expatgroup.co\/es\/#organization"},"potentialAction":[{"@type":"SearchAction","target":{"@type":"EntryPoint","urlTemplate":"https:\/\/expatgroup.co\/es\/?s={search_term_string}"},"query-input":{"@type":"PropertyValueSpecification","valueRequired":true,"valueName":"search_term_string"}}],"inLanguage":"en-US"},{"@type":"Organization","@id":"https:\/\/expatgroup.co\/es\/#organization","name":"expatgroup.co","url":"https:\/\/expatgroup.co\/es\/","logo":{"@type":"ImageObject","inLanguage":"en-US","@id":"https:\/\/expatgroup.co\/es\/#\/schema\/logo\/image\/","url":"https:\/\/expatgroup.co\/es\/wp-content\/uploads\/2024\/12\/Logo-EG_Fondo-azul-oscuro.png","contentUrl":"https:\/\/expatgroup.co\/es\/wp-content\/uploads\/2024\/12\/Logo-EG_Fondo-azul-oscuro.png","width":951,"height":524,"caption":"expatgroup.co"},"image":{"@id":"https:\/\/expatgroup.co\/es\/#\/schema\/logo\/image\/"},"sameAs":["https:\/\/www.facebook.com\/expatgroup.co\/","https:\/\/www.instagram.com\/expatgroupco\/"],"description":"We serve as a facilitative channel between international clients and Colombia. By offering a comprehensive portfolio of solutions in immigration, real estate, legal matters, and business, our objective is to assist clients in making informed decisions regarding their relocation, residency, and investment in Colombia. We aim to ensure that this process is both effective and straightforward.","email":"sales@expatgroup.co","telephone":"+19547993692"}]}},"_links":{"self":[{"href":"https:\/\/expatgroup.co\/es\/wp-json\/wp\/v2\/pages\/6290","targetHints":{"allow":["GET"]}}],"collection":[{"href":"https:\/\/expatgroup.co\/es\/wp-json\/wp\/v2\/pages"}],"about":[{"href":"https:\/\/expatgroup.co\/es\/wp-json\/wp\/v2\/types\/page"}],"author":[{"embeddable":true,"href":"https:\/\/expatgroup.co\/es\/wp-json\/wp\/v2\/users\/1"}],"replies":[{"embeddable":true,"href":"https:\/\/expatgroup.co\/es\/wp-json\/wp\/v2\/comments?post=6290"}],"version-history":[{"count":5,"href":"https:\/\/expatgroup.co\/es\/wp-json\/wp\/v2\/pages\/6290\/revisions"}],"predecessor-version":[{"id":16108,"href":"https:\/\/expatgroup.co\/es\/wp-json\/wp\/v2\/pages\/6290\/revisions\/16108"}],"wp:attachment":[{"href":"https:\/\/expatgroup.co\/es\/wp-json\/wp\/v2\/media?parent=6290"}],"curies":[{"name":"wp","href":"https:\/\/api.w.org\/{rel}","templated":true}]}}